{"id":3973,"date":"2020-08-17T10:41:19","date_gmt":"2020-08-17T10:41:19","guid":{"rendered":"https:\/\/lanochedelpatrimonio.com\/2020\/?page_id=3973"},"modified":"2020-09-11T17:57:55","modified_gmt":"2020-09-11T17:57:55","slug":"abierto-patrimonio-caceres","status":"publish","type":"page","link":"https:\/\/lanochedelpatrimonio.com\/2020\/abierto-patrimonio-caceres\/","title":{"rendered":"Abierto Patrimonio C\u00e1ceres"},"content":{"rendered":"<p><div class=\"fusion-fullwidth fullwidth-box fusion-builder-row-1 nonhundred-percent-fullwidth non-hundred-percent-height-scrolling\"  style='background-color: rgba(255,255,255,0);background-position: center center;background-repeat: no-repeat;padding-top:0px;padding-right:0px;padding-bottom:0px;padding-left:0px;'><div class=\"fusion-builder-row fusion-row \"><div  class=\"fusion-layout-column fusion_builder_column fusion_builder_column_1_6 fusion-builder-column-0 fusion-one-sixth fusion-column-first fusion-no-small-visibility fusion-no-medium-visibility 1_6\"  style='margin-top:0px;margin-bottom:20px;width:16.66%;width:calc(16.66% - ( ( 4% ) * 0.1666 ) );margin-right: 4%;'><div class=\"fusion-column-wrapper\" style=\"padding: 0px 0px 0px 0px;background-position:left top;background-repeat:no-repeat;-webkit-background-size:cover;-moz-background-size:cover;-o-background-size:cover;background-size:cover;\"   data-bg-url=\"\"><div class=\"fusion-widget fusion-widget-element fusion-widget-area fusion-content-widget-area\" style=\"background-color:#ffffff;padding:0px;border-width:0px;border-style:solid;margin:0px;\"><div class=\"widget avada_vertical_menu\"><style>#fusion-vertical-menu-widget-1 ul.menu li a {font-size:18px;}#1 > ul.menu { margin-top: -8px; }<\/style><nav id=\"fusion-vertical-menu-widget-1\" class=\"fusion-vertical-menu-widget fusion-menu hover left no-border\" aria-label=\"Secondary Navigation: \"><ul id=\"menu-abierto-ciudades-menu\" class=\"menu\"><li id=\"menu-item-4129\" class=\"menu-item menu-item-type-post_type menu-item-object-page menu-item-4129\"><a href=\"https:\/\/lanochedelpatrimonio.com\/2020\/abierto-patrimonio-alcala-de-henares\/\"><span class=\"link-text\">ALCAL\u00c1 DE HENARES<\/span><span class=\"arrow\"><\/span><\/a><\/li><li id=\"menu-item-4131\" class=\"menu-item menu-item-type-post_type menu-item-object-page menu-item-4131\"><a href=\"https:\/\/lanochedelpatrimonio.com\/2020\/abierto-patrimonio-avila\/\"><span class=\"link-text\">\u00c1VILA<\/span><span class=\"arrow\"><\/span><\/a><\/li><li id=\"menu-item-4130\" class=\"menu-item menu-item-type-post_type menu-item-object-page menu-item-4130\"><a href=\"https:\/\/lanochedelpatrimonio.com\/2020\/abierto-patrimonio-baeza\/\"><span class=\"link-text\">BAEZA<\/span><span class=\"arrow\"><\/span><\/a><\/li><li id=\"menu-item-4132\" class=\"menu-item menu-item-type-post_type menu-item-object-page menu-item-4132\"><a href=\"https:\/\/lanochedelpatrimonio.com\/2020\/abierto-patrimonio-caceres\/\"><span class=\"link-text\">C\u00c1CERES<\/span><span class=\"arrow\"><\/span><\/a><\/li><li id=\"menu-item-4133\" class=\"menu-item menu-item-type-post_type menu-item-object-page menu-item-4133\"><a href=\"https:\/\/lanochedelpatrimonio.com\/2020\/abierto-patrimonio-cordoba\/\"><span class=\"link-text\">C\u00d3RDOBA<\/span><span class=\"arrow\"><\/span><\/a><\/li><li id=\"menu-item-4785\" class=\"menu-item menu-item-type-post_type menu-item-object-page menu-item-4785\"><a href=\"https:\/\/lanochedelpatrimonio.com\/2020\/abierto-patrimonio-cuenca\/\"><span class=\"link-text\">CUENCA<\/span><span class=\"arrow\"><\/span><\/a><\/li><li id=\"menu-item-4135\" class=\"menu-item menu-item-type-post_type menu-item-object-page menu-item-4135\"><a href=\"https:\/\/lanochedelpatrimonio.com\/2020\/abierto-patrimonio-ibiza\/\"><span class=\"link-text\">IBIZA\/EIVISSA<\/span><span class=\"arrow\"><\/span><\/a><\/li><li id=\"menu-item-4136\" class=\"menu-item menu-item-type-post_type menu-item-object-page menu-item-4136\"><a href=\"https:\/\/lanochedelpatrimonio.com\/2020\/abierto-patrimonio-merida\/\"><span class=\"link-text\">M\u00c9RIDA<\/span><span class=\"arrow\"><\/span><\/a><\/li><li id=\"menu-item-4406\" class=\"menu-item menu-item-type-post_type menu-item-object-page menu-item-4406\"><a href=\"https:\/\/lanochedelpatrimonio.com\/2020\/abierto-patrimonio-salamanca\/\"><span class=\"link-text\">SALAMANCA<\/span><span class=\"arrow\"><\/span><\/a><\/li><li id=\"menu-item-4138\" class=\"menu-item menu-item-type-post_type menu-item-object-page menu-item-4138\"><a href=\"https:\/\/lanochedelpatrimonio.com\/2020\/abierto-patrimonio-san-cristobal-de-la-laguna\/\"><span class=\"link-text\">SAN CRIST\u00d3BAL DE LA LAGUNA<\/span><span class=\"arrow\"><\/span><\/a><\/li><li id=\"menu-item-4139\" class=\"menu-item menu-item-type-post_type menu-item-object-page menu-item-4139\"><a href=\"https:\/\/lanochedelpatrimonio.com\/2020\/abierto-patrimonio-santiago-de-compostela\/\"><span class=\"link-text\">SANTIAGO DE COMPOSTELA<\/span><span class=\"arrow\"><\/span><\/a><\/li><li id=\"menu-item-4140\" class=\"menu-item menu-item-type-post_type menu-item-object-page menu-item-4140\"><a href=\"https:\/\/lanochedelpatrimonio.com\/2020\/abierto-patrimonio-segovia\/\"><span class=\"link-text\">SEGOVIA<\/span><span class=\"arrow\"><\/span><\/a><\/li><li id=\"menu-item-4141\" class=\"menu-item menu-item-type-post_type menu-item-object-page menu-item-4141\"><a href=\"https:\/\/lanochedelpatrimonio.com\/2020\/abierto-patrimonio-tarragona\/\"><span class=\"link-text\">TARRAGONA<\/span><span class=\"arrow\"><\/span><\/a><\/li><li id=\"menu-item-4142\" class=\"menu-item menu-item-type-post_type menu-item-object-page menu-item-4142\"><a href=\"https:\/\/lanochedelpatrimonio.com\/2020\/abierto-patrimonio-toledo\/\"><span class=\"link-text\">TOLEDO<\/span><span class=\"arrow\"><\/span><\/a><\/li><li id=\"menu-item-4143\" class=\"menu-item menu-item-type-post_type menu-item-object-page menu-item-4143\"><a href=\"https:\/\/lanochedelpatrimonio.com\/2020\/abierto-patrimonio-ubeda\/\"><span class=\"link-text\">\u00daBEDA<\/span><span class=\"arrow\"><\/span><\/a><\/li><\/ul><\/nav><\/div><\/div><div class=\"fusion-clearfix\"><\/div><\/div><\/div><div  class=\"fusion-layout-column fusion_builder_column fusion_builder_column_5_6 fusion-builder-column-1 fusion-five-sixth fusion-column-last 5_6\"  style='margin-top:0px;margin-bottom:20px;width:83.33%;width:calc(83.33% - ( ( 4% ) * 0.8333 ) );'><div class=\"fusion-column-wrapper\" style=\"padding: 40px 0px 0px 0px;background-position:left top;background-repeat:no-repeat;-webkit-background-size:cover;-moz-background-size:cover;-o-background-size:cover;background-size:cover;\"   data-bg-url=\"\"><div class=\"fusion-builder-row fusion-builder-row-inner fusion-row \"><div  class=\"fusion-layout-column fusion_builder_column fusion_builder_column_1_2 fusion-builder-nested-column-1 fusion-one-half fusion-column-first 1_2\"  style='margin-top: 0px;margin-bottom: 20px;width:50%;width:calc(50% - ( ( 4% ) * 0.5 ) );margin-right:4%;'>\n\t\t\t\t\t<div class=\"fusion-column-wrapper fusion-column-wrapper-1\" style=\"padding: 0px 0px 0px 0px;background-position:left top;background-repeat:no-repeat;-webkit-background-size:cover;-moz-background-size:cover;-o-background-size:cover;background-size:cover;\" data-bg-url=\"\">\n\t\t\t\t\t\t<div class=\"fusion-video fusion-youtube\" style=\"max-width:600px;max-height:360px;\"><div class=\"video-shortcode\"><iframe title=\"YouTube video player\" src=\"https:\/\/www.youtube.com\/embed\/4UEjAPsUT2M?wmode=transparent&autoplay=0\" width=\"600\" height=\"360\" allowfullscreen allow=\"autoplay; fullscreen\"><\/iframe><\/div><\/div>\n\n\t\t\t\t\t<\/div>\n\t\t\t\t<\/div><div  class=\"fusion-layout-column fusion_builder_column fusion_builder_column_1_2 fusion-builder-nested-column-2 fusion-one-half fusion-column-last 1_2\"  style='margin-top: 0px;margin-bottom: 20px;width:50%;width:calc(50% - ( ( 4% ) * 0.5 ) );'>\n\t\t\t\t\t<div class=\"fusion-column-wrapper fusion-column-wrapper-2\" style=\"padding: 0px 0px 0px 0px;background-position:left top;background-repeat:no-repeat;-webkit-background-size:cover;-moz-background-size:cover;-o-background-size:cover;background-size:cover;\" data-bg-url=\"\">\n\t\t\t\t\t\t<div class=\"fusion-video fusion-youtube\" style=\"max-width:600px;max-height:360px;\"><div class=\"video-shortcode\"><iframe title=\"YouTube video player\" src=\"https:\/\/www.youtube.com\/embed\/AJtkEoYOd6M?wmode=transparent&autoplay=0\" width=\"600\" height=\"360\" allowfullscreen allow=\"autoplay; fullscreen\"><\/iframe><\/div><\/div>\n\n\t\t\t\t\t<\/div>\n\t\t\t\t<\/div><\/div><div class=\"fusion-sep-clear\"><\/div><div class=\"fusion-separator fusion-full-width-sep sep-none\" style=\"margin-left: auto;margin-right: auto;margin-top:20px;margin-bottom:10px;\"><\/div><div class=\"fusion-text\"><h2 style=\"text-align: center;\"><strong><span style=\"color: #ff0000;\">Lamentamos comunicaros que todas las actividades previstas para la NOCHE DEL PATRIMONIO quedan SUSPENDIDAS.<\/span><\/strong><\/h2>\n<\/div><div class=\"fusion-sep-clear\"><\/div><div class=\"fusion-separator fusion-full-width-sep sep-none\" style=\"margin-left: auto;margin-right: auto;margin-top:10px;margin-bottom:10px;\"><\/div><div class=\"fusion-text\"><p style=\"text-align: center;\"><strong>Comunicado del Ayuntamiento:<\/strong><\/p>\n<p style=\"text-align: center;\">En los \u00faltimos 14 d\u00edas se han diagnosticado 147 casos de COVID en la ciudad de C\u00e1ceres, 100 de los cuales se corresponden con la \u00faltima semana. La aparici\u00f3n en los \u00faltimos d\u00edas de este n\u00famero de casos hace recomendable la suspensi\u00f3n de la Noche del Patrimonio, ya que esta actividad est\u00e1 relacionada con una importante movilizaci\u00f3n de personas en diversos actos y puede aumentarse el riesgo de transmisi\u00f3n.<\/p>\n<\/div><div class=\"fusion-clearfix\"><\/div><\/div><\/div><\/div><\/div><style type=\"text\/css\">.fusion-fullwidth.fusion-builder-row-1 a:not(.fusion-button):not(.fusion-builder-module-control):not(.fusion-social-network-icon):not(.fb-icon-element):not(.fusion-countdown-link):not(.fusion-rollover-link):not(.fusion-rollover-gallery):not(.fusion-button-bar):not(.add_to_cart_button):not(.show_details_button):not(.product_type_external):not(.fusion-quick-view):not(.fusion-rollover-title-link):not(.fusion-breadcrumb-link) , .fusion-fullwidth.fusion-builder-row-1 a:not(.fusion-button):not(.fusion-builder-module-control):not(.fusion-social-network-icon):not(.fb-icon-element):not(.fusion-countdown-link):not(.fusion-rollover-link):not(.fusion-rollover-gallery):not(.fusion-button-bar):not(.add_to_cart_button):not(.show_details_button):not(.product_type_external):not(.fusion-quick-view):not(.fusion-rollover-title-link):not(.fusion-breadcrumb-link):before, .fusion-fullwidth.fusion-builder-row-1 a:not(.fusion-button):not(.fusion-builder-module-control):not(.fusion-social-network-icon):not(.fb-icon-element):not(.fusion-countdown-link):not(.fusion-rollover-link):not(.fusion-rollover-gallery):not(.fusion-button-bar):not(.add_to_cart_button):not(.show_details_button):not(.product_type_external):not(.fusion-quick-view):not(.fusion-rollover-title-link):not(.fusion-breadcrumb-link):after {color: #738ba7;}.fusion-fullwidth.fusion-builder-row-1 a:not(.fusion-button):not(.fusion-builder-module-control):not(.fusion-social-network-icon):not(.fb-icon-element):not(.fusion-countdown-link):not(.fusion-rollover-link):not(.fusion-rollover-gallery):not(.fusion-button-bar):not(.add_to_cart_button):not(.show_details_button):not(.product_type_external):not(.fusion-quick-view):not(.fusion-rollover-title-link):not(.fusion-breadcrumb-link):hover, .fusion-fullwidth.fusion-builder-row-1 a:not(.fusion-button):not(.fusion-builder-module-control):not(.fusion-social-network-icon):not(.fb-icon-element):not(.fusion-countdown-link):not(.fusion-rollover-link):not(.fusion-rollover-gallery):not(.fusion-button-bar):not(.add_to_cart_button):not(.show_details_button):not(.product_type_external):not(.fusion-quick-view):not(.fusion-rollover-title-link):not(.fusion-breadcrumb-link):hover:before, .fusion-fullwidth.fusion-builder-row-1 a:not(.fusion-button):not(.fusion-builder-module-control):not(.fusion-social-network-icon):not(.fb-icon-element):not(.fusion-countdown-link):not(.fusion-rollover-link):not(.fusion-rollover-gallery):not(.fusion-button-bar):not(.add_to_cart_button):not(.show_details_button):not(.product_type_external):not(.fusion-quick-view):not(.fusion-rollover-title-link):not(.fusion-breadcrumb-link):hover:after {color: #284865;}.fusion-fullwidth.fusion-builder-row-1 .pagination a.inactive:hover, .fusion-fullwidth.fusion-builder-row-1 .fusion-filters .fusion-filter.fusion-active a {border-color: #284865;}.fusion-fullwidth.fusion-builder-row-1 .pagination .current {border-color: #284865; background-color: #284865;}.fusion-fullwidth.fusion-builder-row-1 .fusion-filters .fusion-filter.fusion-active a, .fusion-fullwidth.fusion-builder-row-1 .fusion-date-and-formats .fusion-format-box, .fusion-fullwidth.fusion-builder-row-1 .fusion-popover, .fusion-fullwidth.fusion-builder-row-1 .tooltip-shortcode {color: #284865;}#main .fusion-fullwidth.fusion-builder-row-1 .post .blog-shortcode-post-title a:hover {color: #284865;}<\/style><div id=\"home-logos\" class=\"fusion-fullwidth fullwidth-box fusion-builder-row-2 nonhundred-percent-fullwidth non-hundred-percent-height-scrolling\"  style='background-color: #ffffff;background-position: center top;background-repeat: no-repeat;padding-top:80px;padding-right:0px;padding-bottom:80px;padding-left:0px;border-top-width:1px;border-bottom-width:1px;border-color:#eae9e9;border-top-style:solid;border-bottom-style:solid;'><div class=\"fusion-builder-row fusion-row \"><div  class=\"fusion-layout-column fusion_builder_column fusion_builder_column_1_1 fusion-builder-column-2 fusion-one-full fusion-column-first fusion-column-last 1_1\"  style='margin-top:0px;margin-bottom:20px;'><div class=\"fusion-column-wrapper\" style=\"padding: 0px 0px 0px 0px;background-position:left top;background-repeat:no-repeat;-webkit-background-size:cover;-moz-background-size:cover;-o-background-size:cover;background-size:cover;\"   data-bg-url=\"\"><div class=\"fusion-text\"><h5>Organizan<\/h5>\n<\/div>\n<div class=\"table-1\">\n<table style=\"height: 104px;\" width=\"836\">\n<thead>\n<tr>\n<th align=\"left\"><a href=\"https:\/\/www.ciudadespatrimonio.org\/presentaciondelgrupo\/index.php\"><img loading=\"lazy\" class=\"alignnone wp-image-3353\" src=\"https:\/\/lanochedelpatrimonio.com\/2020\/wp-content\/uploads\/2020\/07\/gchpe3.png\" alt=\"\" width=\"293\" height=\"75\" \/><\/a><\/th>\n<th align=\"left\"><a href=\"https:\/\/es.unesco.org\/\"><img loading=\"lazy\" class=\"wp-image-3373 aligncenter\" src=\"https:\/\/lanochedelpatrimonio.com\/2020\/wp-content\/uploads\/2020\/07\/unesco1.png\" alt=\"\" width=\"175\" height=\"111\" srcset=\"https:\/\/lanochedelpatrimonio.com\/2020\/wp-content\/uploads\/2020\/07\/unesco1-200x128.png 200w, https:\/\/lanochedelpatrimonio.com\/2020\/wp-content\/uploads\/2020\/07\/unesco1.png 307w\" sizes=\"(max-width: 175px) 100vw, 175px\" \/><\/a><\/th>\n<th align=\"left\"><a href=\"http:\/\/www.culturaydeporte.gob.es\/portada.html\"><img loading=\"lazy\" class=\"size-full wp-image-3354 aligncenter\" src=\"https:\/\/lanochedelpatrimonio.com\/2020\/wp-content\/uploads\/2020\/07\/ministerio1.png\" alt=\"\" width=\"250\" height=\"78\" srcset=\"https:\/\/lanochedelpatrimonio.com\/2020\/wp-content\/uploads\/2020\/07\/ministerio1-200x62.png 200w, https:\/\/lanochedelpatrimonio.com\/2020\/wp-content\/uploads\/2020\/07\/ministerio1.png 250w\" sizes=\"(max-width: 250px) 100vw, 250px\" \/><\/a><\/th>\n<\/tr>\n<\/thead>\n<\/table>\n<\/div>\n<div class=\"fusion-text\"><h5>Colaboran<\/h5>\n<\/div>\n<div class=\"table-1\">\n<table width=\"100%\">\n<thead>\n<tr>\n<th align=\"left\"><a href=\"https:\/\/www.entradasinaem.es\/\"><img loading=\"lazy\" class=\"alignnone wp-image-3392\" src=\"https:\/\/lanochedelpatrimonio.com\/2020\/wp-content\/uploads\/2020\/07\/inaem.png\" alt=\"\" width=\"257\" height=\"55\" srcset=\"https:\/\/lanochedelpatrimonio.com\/2020\/wp-content\/uploads\/2020\/07\/inaem-200x44.png 200w, https:\/\/lanochedelpatrimonio.com\/2020\/wp-content\/uploads\/2020\/07\/inaem.png 275w\" sizes=\"(max-width: 257px) 100vw, 257px\" \/><\/a><\/th>\n<th align=\"left\"><a href=\"https:\/\/academiadelasartesescenicas.es\/\"><img loading=\"lazy\" class=\"alignnone size-full wp-image-3355\" src=\"https:\/\/lanochedelpatrimonio.com\/2020\/wp-content\/uploads\/2020\/07\/artes_escenicas.png\" alt=\"\" width=\"184\" height=\"48\" \/><\/a><\/th>\n<th align=\"left\"><a href=\"http:\/\/feced.org\/\"><img loading=\"lazy\" class=\"alignnone size-full wp-image-3359\" src=\"https:\/\/lanochedelpatrimonio.com\/2020\/wp-content\/uploads\/2020\/07\/feced.png\" alt=\"\" width=\"189\" height=\"60\" \/><\/a><\/th>\n<th align=\"left\"><a href=\"http:\/\/www.casafrica.es\/\"><img loading=\"lazy\" class=\"alignnone size-full wp-image-3357\" src=\"https:\/\/lanochedelpatrimonio.com\/2020\/wp-content\/uploads\/2020\/07\/casa_africa.png\" alt=\"\" width=\"67\" height=\"51\" \/><\/a><\/th>\n<th align=\"left\"><a href=\"https:\/\/www.africamoment.org\/\"><img loading=\"lazy\" class=\"alignnone size-full wp-image-3356\" src=\"https:\/\/lanochedelpatrimonio.com\/2020\/wp-content\/uploads\/2020\/07\/africa_momen.png\" alt=\"\" width=\"83\" height=\"51\" \/><\/a><\/th>\n<th align=\"left\"><a href=\"https:\/\/www.aecid.es\/EN\"><img loading=\"lazy\" class=\"alignnone size-full wp-image-3358\" src=\"https:\/\/lanochedelpatrimonio.com\/2020\/wp-content\/uploads\/2020\/07\/cooperacion.png\" alt=\"\" width=\"282\" height=\"39\" srcset=\"https:\/\/lanochedelpatrimonio.com\/2020\/wp-content\/uploads\/2020\/07\/cooperacion-200x28.png 200w, https:\/\/lanochedelpatrimonio.com\/2020\/wp-content\/uploads\/2020\/07\/cooperacion.png 282w\" sizes=\"(max-width: 282px) 100vw, 282px\" \/><\/a><\/th>\n<\/tr>\n<\/thead>\n<\/table>\n<\/div>\n\n<div class=\"table-1\">\n<table width=\"100%\">\n<thead>\n<tr>\n<th align=\"left\"><a href=\"http:\/\/www.assofrance-patrimoinemondial.org\/\"><img loading=\"lazy\" class=\"alignnone wp-image-3387\" src=\"https:\/\/lanochedelpatrimonio.com\/2020\/wp-content\/uploads\/2020\/07\/francia.png\" alt=\"\" width=\"116\" height=\"70\" srcset=\"https:\/\/lanochedelpatrimonio.com\/2020\/wp-content\/uploads\/2020\/07\/francia-200x121.png 200w, https:\/\/lanochedelpatrimonio.com\/2020\/wp-content\/uploads\/2020\/07\/francia.png 258w\" sizes=\"(max-width: 116px) 100vw, 116px\" \/><\/a><\/th>\n<th align=\"left\"><a href=\"https:\/\/www.patrimoniomondiale.it\/?page_id=3159\"><img loading=\"lazy\" class=\"alignnone wp-image-3389\" src=\"https:\/\/lanochedelpatrimonio.com\/2020\/wp-content\/uploads\/2020\/07\/italia.jpg\" alt=\"\" width=\"163\" height=\"57\" \/><\/a><\/th>\n<th align=\"left\"><a href=\"https:\/\/worldheritageuk.org\/\"><img loading=\"lazy\" class=\"alignnone wp-image-3911 \" src=\"https:\/\/lanochedelpatrimonio.com\/2020\/wp-content\/uploads\/2020\/08\/uk.png\" alt=\"\" width=\"80\" height=\"61\" \/><\/a><\/th>\n<th align=\"left\"><a href=\"https:\/\/welterbedeutschland.de\/\"><img loading=\"lazy\" class=\"alignnone wp-image-3388\" src=\"https:\/\/lanochedelpatrimonio.com\/2020\/wp-content\/uploads\/2020\/07\/germany.jpg\" alt=\"\" width=\"162\" height=\"82\" \/><\/a><\/th>\n<th align=\"left\"><a href=\"https:\/\/whc.unesco.org\/en\/statesparties\/pt\"><img loading=\"lazy\" class=\"alignnone wp-image-3390\" src=\"https:\/\/lanochedelpatrimonio.com\/2020\/wp-content\/uploads\/2020\/07\/portugal.jpg\" alt=\"\" width=\"147\" height=\"84\" srcset=\"https:\/\/lanochedelpatrimonio.com\/2020\/wp-content\/uploads\/2020\/07\/portugal-200x113.jpg 200w, https:\/\/lanochedelpatrimonio.com\/2020\/wp-content\/uploads\/2020\/07\/portugal-300x170.jpg 300w, https:\/\/lanochedelpatrimonio.com\/2020\/wp-content\/uploads\/2020\/07\/portugal.jpg 318w\" sizes=\"(max-width: 147px) 100vw, 147px\" \/><\/a><\/th>\n<th align=\"left\"><a href=\"http:\/\/www.whes.ch\/de\/UNESCO-Schweiz\/?oid=2034&amp;lang=de\"><img loading=\"lazy\" class=\"alignnone wp-image-3912\" src=\"https:\/\/lanochedelpatrimonio.com\/2020\/wp-content\/uploads\/2020\/08\/WHES_Website_Logo.png\" alt=\"\" width=\"146\" height=\"23\" \/><\/a><\/th>\n<\/tr>\n<\/thead>\n<\/table>\n<\/div>\n<div class=\"fusion-clearfix\"><\/div><\/div><\/div><\/div><\/div><style type=\"text\/css\">.fusion-fullwidth.fusion-builder-row-2 a:not(.fusion-button):not(.fusion-builder-module-control):not(.fusion-social-network-icon):not(.fb-icon-element):not(.fusion-countdown-link):not(.fusion-rollover-link):not(.fusion-rollover-gallery):not(.fusion-button-bar):not(.add_to_cart_button):not(.show_details_button):not(.product_type_external):not(.fusion-quick-view):not(.fusion-rollover-title-link):not(.fusion-breadcrumb-link) , .fusion-fullwidth.fusion-builder-row-2 a:not(.fusion-button):not(.fusion-builder-module-control):not(.fusion-social-network-icon):not(.fb-icon-element):not(.fusion-countdown-link):not(.fusion-rollover-link):not(.fusion-rollover-gallery):not(.fusion-button-bar):not(.add_to_cart_button):not(.show_details_button):not(.product_type_external):not(.fusion-quick-view):not(.fusion-rollover-title-link):not(.fusion-breadcrumb-link):before, .fusion-fullwidth.fusion-builder-row-2 a:not(.fusion-button):not(.fusion-builder-module-control):not(.fusion-social-network-icon):not(.fb-icon-element):not(.fusion-countdown-link):not(.fusion-rollover-link):not(.fusion-rollover-gallery):not(.fusion-button-bar):not(.add_to_cart_button):not(.show_details_button):not(.product_type_external):not(.fusion-quick-view):not(.fusion-rollover-title-link):not(.fusion-breadcrumb-link):after {color: #738ba7;}.fusion-fullwidth.fusion-builder-row-2 a:not(.fusion-button):not(.fusion-builder-module-control):not(.fusion-social-network-icon):not(.fb-icon-element):not(.fusion-countdown-link):not(.fusion-rollover-link):not(.fusion-rollover-gallery):not(.fusion-button-bar):not(.add_to_cart_button):not(.show_details_button):not(.product_type_external):not(.fusion-quick-view):not(.fusion-rollover-title-link):not(.fusion-breadcrumb-link):hover, .fusion-fullwidth.fusion-builder-row-2 a:not(.fusion-button):not(.fusion-builder-module-control):not(.fusion-social-network-icon):not(.fb-icon-element):not(.fusion-countdown-link):not(.fusion-rollover-link):not(.fusion-rollover-gallery):not(.fusion-button-bar):not(.add_to_cart_button):not(.show_details_button):not(.product_type_external):not(.fusion-quick-view):not(.fusion-rollover-title-link):not(.fusion-breadcrumb-link):hover:before, .fusion-fullwidth.fusion-builder-row-2 a:not(.fusion-button):not(.fusion-builder-module-control):not(.fusion-social-network-icon):not(.fb-icon-element):not(.fusion-countdown-link):not(.fusion-rollover-link):not(.fusion-rollover-gallery):not(.fusion-button-bar):not(.add_to_cart_button):not(.show_details_button):not(.product_type_external):not(.fusion-quick-view):not(.fusion-rollover-title-link):not(.fusion-breadcrumb-link):hover:after {color: #ffffff;}.fusion-fullwidth.fusion-builder-row-2 .pagination a.inactive:hover, .fusion-fullwidth.fusion-builder-row-2 .fusion-filters .fusion-filter.fusion-active a {border-color: #ffffff;}.fusion-fullwidth.fusion-builder-row-2 .pagination .current {border-color: #ffffff; background-color: #ffffff;}.fusion-fullwidth.fusion-builder-row-2 .fusion-filters .fusion-filter.fusion-active a, .fusion-fullwidth.fusion-builder-row-2 .fusion-date-and-formats .fusion-format-box, .fusion-fullwidth.fusion-builder-row-2 .fusion-popover, .fusion-fullwidth.fusion-builder-row-2 .tooltip-shortcode {color: #ffffff;}#main .fusion-fullwidth.fusion-builder-row-2 .post .blog-shortcode-post-title a:hover {color: #ffffff;}<\/style><\/p>\n","protected":false},"excerpt":{"rendered":"","protected":false},"author":1,"featured_media":0,"parent":0,"menu_order":0,"comment_status":"closed","ping_status":"closed","template":"","meta":[],"yoast_head":"<!-- This site is optimized with the Yoast SEO plugin v14.9 - https:\/\/yoast.com\/wordpress\/plugins\/seo\/ -->\n<title>Abierto Patrimonio C\u00e1ceres - La Noche del Patrimonio<\/title>\n<meta name=\"robots\" content=\"index, follow, max-snippet:-1, max-image-preview:large, max-video-preview:-1\" \/>\n<link rel=\"canonical\" href=\"https:\/\/lanochedelpatrimonio.com\/2020\/abierto-patrimonio-caceres\/\" \/>\n<meta property=\"og:locale\" content=\"es_ES\" \/>\n<meta property=\"og:type\" content=\"article\" \/>\n<meta property=\"og:title\" content=\"Abierto Patrimonio C\u00e1ceres - La Noche del Patrimonio\" \/>\n<meta property=\"og:url\" content=\"https:\/\/lanochedelpatrimonio.com\/2020\/abierto-patrimonio-caceres\/\" \/>\n<meta property=\"og:site_name\" content=\"La Noche del Patrimonio\" \/>\n<meta property=\"article:modified_time\" content=\"2020-09-11T17:57:55+00:00\" \/>\n<meta property=\"og:image\" content=\"https:\/\/lanochedelpatrimonio.com\/2020\/wp-content\/uploads\/2020\/07\/gchpe3.png\" \/>\n<meta name=\"twitter:card\" content=\"summary_large_image\" \/>\n<script type=\"application\/ld+json\" class=\"yoast-schema-graph\">{\"@context\":\"https:\/\/schema.org\",\"@graph\":[{\"@type\":\"WebSite\",\"@id\":\"https:\/\/lanochedelpatrimonio.com\/2020\/#website\",\"url\":\"https:\/\/lanochedelpatrimonio.com\/2020\/\",\"name\":\"La Noche del Patrimonio\",\"description\":\"Cultura y Patrimonio vivo en las 15 ciudades de la Humanidad de Espa\\u00f1a\",\"potentialAction\":[{\"@type\":\"SearchAction\",\"target\":\"https:\/\/lanochedelpatrimonio.com\/2020\/?s={search_term_string}\",\"query-input\":\"required name=search_term_string\"}],\"inLanguage\":\"es\"},{\"@type\":\"ImageObject\",\"@id\":\"https:\/\/lanochedelpatrimonio.com\/2020\/abierto-patrimonio-caceres\/#primaryimage\",\"inLanguage\":\"es\",\"url\":\"https:\/\/lanochedelpatrimonio.com\/2020\/wp-content\/uploads\/2020\/07\/gchpe3.png\",\"width\":405,\"height\":134},{\"@type\":\"WebPage\",\"@id\":\"https:\/\/lanochedelpatrimonio.com\/2020\/abierto-patrimonio-caceres\/#webpage\",\"url\":\"https:\/\/lanochedelpatrimonio.com\/2020\/abierto-patrimonio-caceres\/\",\"name\":\"Abierto Patrimonio C\\u00e1ceres - La Noche del Patrimonio\",\"isPartOf\":{\"@id\":\"https:\/\/lanochedelpatrimonio.com\/2020\/#website\"},\"primaryImageOfPage\":{\"@id\":\"https:\/\/lanochedelpatrimonio.com\/2020\/abierto-patrimonio-caceres\/#primaryimage\"},\"datePublished\":\"2020-08-17T10:41:19+00:00\",\"dateModified\":\"2020-09-11T17:57:55+00:00\",\"inLanguage\":\"es\",\"potentialAction\":[{\"@type\":\"ReadAction\",\"target\":[\"https:\/\/lanochedelpatrimonio.com\/2020\/abierto-patrimonio-caceres\/\"]}]}]}<\/script>\n<!-- \/ Yoast SEO plugin. -->","_links":{"self":[{"href":"https:\/\/lanochedelpatrimonio.com\/2020\/wp-json\/wp\/v2\/pages\/3973"}],"collection":[{"href":"https:\/\/lanochedelpatrimonio.com\/2020\/wp-json\/wp\/v2\/pages"}],"about":[{"href":"https:\/\/lanochedelpatrimonio.com\/2020\/wp-json\/wp\/v2\/types\/page"}],"author":[{"embeddable":true,"href":"https:\/\/lanochedelpatrimonio.com\/2020\/wp-json\/wp\/v2\/users\/1"}],"replies":[{"embeddable":true,"href":"https:\/\/lanochedelpatrimonio.com\/2020\/wp-json\/wp\/v2\/comments?post=3973"}],"version-history":[{"count":22,"href":"https:\/\/lanochedelpatrimonio.com\/2020\/wp-json\/wp\/v2\/pages\/3973\/revisions"}],"predecessor-version":[{"id":4939,"href":"https:\/\/lanochedelpatrimonio.com\/2020\/wp-json\/wp\/v2\/pages\/3973\/revisions\/4939"}],"wp:attachment":[{"href":"https:\/\/lanochedelpatrimonio.com\/2020\/wp-json\/wp\/v2\/media?parent=3973"}],"curies":[{"name":"wp","href":"https:\/\/api.w.org\/{rel}","templated":true}]}}